{"id":752,"date":"2025-10-21T15:26:26","date_gmt":"2025-10-21T15:26:26","guid":{"rendered":"https:\/\/vrst.acm.org\/vrst2025\/?page_id=752"},"modified":"2025-11-04T15:28:43","modified_gmt":"2025-11-04T15:28:43","slug":"demos-2","status":"publish","type":"page","link":"https:\/\/vrst.acm.org\/vrst2025\/index.php\/demos-2\/","title":{"rendered":"Demos"},"content":{"rendered":"\n<figure class=\"wp-block-table alignleft is-style-stripes\"><table class=\"has-fixed-layout\"><tbody><tr><td class=\"has-text-align-left\" data-align=\"left\"><strong>Date<\/strong><\/td><td class=\"has-text-align-left\" data-align=\"left\"><strong>Theme<\/strong><\/td><td class=\"has-text-align-left\" data-align=\"left\"><strong>Title<\/strong><\/td><\/tr><tr><td class=\"has-text-align-left\" data-align=\"left\"><strong>12. November 2025<\/strong><\/td><td class=\"has-text-align-left\" data-align=\"left\">Affective, Collaborative, and Social Interaction Demos I<\/td><td class=\"has-text-align-left\" data-align=\"left\">Using extended reality to raise coastal flooding risk awareness: A pilot project in the municipality of Guiss\u00e9ny (France)<br><sub>Maxime Kernec, Pauline Letortu, Pierre Mahieux, Riwalenn Ruault, J\u00e9r\u00f4me Ammann, Ronan Querrec<\/sub><\/td><\/tr><tr><td class=\"has-text-align-left\" data-align=\"left\"><\/td><td class=\"has-text-align-left\" data-align=\"left\">&nbsp;<\/td><td class=\"has-text-align-left\" data-align=\"left\">Multi-User VR Assembly and Manufacture Design: Multimodal Object Modeling and High-Fidelity Gesture Interaction with WebGL Integration<br><sub>Jeonghyeon Kim, Jemin Lee, Jungsik Koo, Jiyong Park, Byungwoo Cho, YoungHwa Yun, Bumki Kim, Daeun Kim, Hyeongjun Kang, Taewan Kim, Youngwon Kim<\/sub><\/td><\/tr><tr><td class=\"has-text-align-left\" data-align=\"left\"><\/td><td class=\"has-text-align-left\" data-align=\"left\">&nbsp;<\/td><td class=\"has-text-align-left\" data-align=\"left\">Virtual Reality for Urban Soundscape Design: Exploring knowledge sharing, creation, and workplace integration<br><sub>Richard Yanaky, Catherine Guastavino<\/sub><\/td><\/tr><tr><td class=\"has-text-align-left\" data-align=\"left\"><\/td><td class=\"has-text-align-left\" data-align=\"left\">Applications and Displays Demos<\/td><td class=\"has-text-align-left\" data-align=\"left\">Advancing Perceptual Training in Arts Education through Immersive Virtual Reality Systems<\/td><\/tr><tr><td class=\"has-text-align-left\" data-align=\"left\"><\/td><td class=\"has-text-align-left\" data-align=\"left\">Immersive visualization and Interaction Demos<\/td><td class=\"has-text-align-left\" data-align=\"left\">Teleoperated 360 Video Capture of Beehives for Scientific Visualization in VR<br><sub>Charles Ahn<\/sub><\/td><\/tr><tr><td class=\"has-text-align-left\" data-align=\"left\"><strong>13. November 2025<\/strong><\/td><td class=\"has-text-align-left\" data-align=\"left\">Interaction Design and Input Techniques Demos<\/td><td class=\"has-text-align-left\" data-align=\"left\">An Inner-Wrist Trackball Interaction Technique for Pointing and Gesture Input through Body-Rubbing<br><sub>Jin Okii, Hiroyuki Manabe<\/sub><\/td><\/tr><tr><td class=\"has-text-align-left\" data-align=\"left\"><\/td><td class=\"has-text-align-left\" data-align=\"left\">Cybersickness, Health, and Digital Twins Demos<\/td><td class=\"has-text-align-left\" data-align=\"left\">Optical-Flow-Compensated Virtual Screens: Mitigating Visually Induced Motion Sickness in Mixed Reality Video Viewing<br><sub>Kota Hayakawa, Tatsuo Nakajima<\/sub><\/td><\/tr><tr><td class=\"has-text-align-left\" data-align=\"left\"><\/td><td class=\"has-text-align-left\" data-align=\"left\">Displays Demos<\/td><td class=\"has-text-align-left\" data-align=\"left\">Interactive Depth-Shifting Aerial Image Display Using Angle Changes Between the Display and Optical Elements<br><sub>Motohiro Makiguchi Ph.D., Ayami Hoshi, Naoto Abe<\/sub><\/td><\/tr><tr><td class=\"has-text-align-left\" data-align=\"left\"><\/td><td class=\"has-text-align-left\" data-align=\"left\">Multimodal Experiences Demos I<\/td><td class=\"has-text-align-left\" data-align=\"left\">Multi-Wheel Input for Smart Glasses and XR Devices<br><sub>Yuya Oku, Hiroyuki Manabe<\/sub><\/td><\/tr><tr><td class=\"has-text-align-left\" data-align=\"left\"><strong>14. November 2025<\/strong><\/td><td class=\"has-text-align-left\" data-align=\"left\">Affective, Collaborative, and Social Interaction Demos II<\/td><td class=\"has-text-align-left\" data-align=\"left\">Indigenous Virtual Learning System: A Network-Based Virtual Reality Platform to Support Indigenous Pedagogy<br><sub>Eric DeMarbre, Julia Laninga, Kahente Horn-Miller, Stephen Fai<\/sub><\/td><\/tr><tr><td class=\"has-text-align-left\" data-align=\"left\"><\/td><td class=\"has-text-align-left\" data-align=\"left\">&nbsp;<\/td><td class=\"has-text-align-left\" data-align=\"left\">Emotions at the Push of a Button<br><sub>Jilliane Tan, Yushu Jiang, Bree McEwan<\/sub><\/td><\/tr><tr><td class=\"has-text-align-left\" data-align=\"left\"><\/td><td class=\"has-text-align-left\" data-align=\"left\">&nbsp;<\/td><td class=\"has-text-align-left\" data-align=\"left\">Mirrored Billboards for Safe and Format-Agnostic Asset Sharing in Social Public Metaverses<br><sub>Naruya Kondo, Yuto Asano, Yoichi Ochiai<\/sub><\/td><\/tr><tr><td class=\"has-text-align-left\" data-align=\"left\"><\/td><td class=\"has-text-align-left\" data-align=\"left\">Multimodal Experiences Demos II<\/td><td class=\"has-text-align-left\" data-align=\"left\">A Multimodal Haptic System for Pulling Virtual Objects<br><sub>Kaito Shibata, Akihiro Matsuura<\/sub><\/td><\/tr><\/tbody><\/table><\/figure>\n","protected":false},"excerpt":{"rendered":"<p>Date Theme Title 12. November 2025 Affective, Collaborative, and Social Interaction Demos I Using extended reality to raise coastal flooding risk awareness: A pilot project in the municipality of Guiss\u00e9ny (France)Maxime Kernec, Pauline Letortu, Pierre Mahieux, Riwalenn Ruault, J\u00e9r\u00f4me Ammann, Ronan Querrec &nbsp; Multi-User VR Assembly and Manufacture Design: Multimodal Object Modeling and High-Fidelity Gesture Interaction with WebGL IntegrationJeonghyeon Kim,&#8230;<\/p>\n","protected":false},"author":1,"featured_media":0,"parent":0,"menu_order":0,"comment_status":"closed","ping_status":"closed","template":"","meta":{"_eb_attr":"","footnotes":""},"class_list":["post-752","page","type-page","status-publish","hentry"],"_links":{"self":[{"href":"https:\/\/vrst.acm.org\/vrst2025\/index.php\/wp-json\/wp\/v2\/pages\/752","targetHints":{"allow":["GET"]}}],"collection":[{"href":"https:\/\/vrst.acm.org\/vrst2025\/index.php\/wp-json\/wp\/v2\/pages"}],"about":[{"href":"https:\/\/vrst.acm.org\/vrst2025\/index.php\/wp-json\/wp\/v2\/types\/page"}],"author":[{"embeddable":true,"href":"https:\/\/vrst.acm.org\/vrst2025\/index.php\/wp-json\/wp\/v2\/users\/1"}],"replies":[{"embeddable":true,"href":"https:\/\/vrst.acm.org\/vrst2025\/index.php\/wp-json\/wp\/v2\/comments?post=752"}],"version-history":[{"count":8,"href":"https:\/\/vrst.acm.org\/vrst2025\/index.php\/wp-json\/wp\/v2\/pages\/752\/revisions"}],"predecessor-version":[{"id":855,"href":"https:\/\/vrst.acm.org\/vrst2025\/index.php\/wp-json\/wp\/v2\/pages\/752\/revisions\/855"}],"wp:attachment":[{"href":"https:\/\/vrst.acm.org\/vrst2025\/index.php\/wp-json\/wp\/v2\/media?parent=752"}],"curies":[{"name":"wp","href":"https:\/\/api.w.org\/{rel}","templated":true}]}}