{"id":376,"date":"2025-01-02T14:16:00","date_gmt":"2025-01-02T14:16:00","guid":{"rendered":"https:\/\/vrst.acm.org\/vrst2025\/?page_id=376"},"modified":"2025-08-25T02:48:03","modified_gmt":"2025-08-25T02:48:03","slug":"sightseeing","status":"publish","type":"page","link":"https:\/\/vrst.acm.org\/vrst2025\/index.php\/sightseeing\/","title":{"rendered":"Sightseeing"},"content":{"rendered":"\n<p>Whether it\u2019s your first time in Montr\u00e9al or you\u2019ve been here before, the city offers a rich mix of culture, food, and experiences to explore before or after the conference.<\/p>\n\n\n\n<h3 class=\"wp-block-heading\">Plan Your Visit<\/h3>\n\n\n\n<p>Tourism Montr\u00e9al has dedicated page<br> <a href=\"https:\/\/experience.mtl.org\/fr\/bienvenue-montreal\">Bienvenue \u00e0 Montr\u00e9al<\/a><\/p>\n\n\n\n<p>This is the best starting point for planning your visit.<\/p>\n\n\n\n<h3 class=\"wp-block-heading\">Explore More<\/h3>\n\n\n\n<p>Tourism Montr\u00e9al\u2019s main site is also an excellent resource, with detailed guides, filters, and curated activities:<br><a href=\"https:\/\/www.mtl.org\/fr\/quoi-faire\/evenements-affaires\">Tourism Montr\u00e9al \u2013 Events &amp; Things to Do<\/a><\/p>\n\n\n\n<p>We recommend exploring these sections:<\/p>\n\n\n\n<ul class=\"wp-block-list\">\n<li><strong>Food &amp; Dining<\/strong><br>Montr\u00e9al is world-renowned for its culinary scene. The site offers filters for cuisine type, price, neighbourhood, and dietary restrictions.\n<ul class=\"wp-block-list\">\n<li><a href=\"https:\/\/www.mtl.org\/en\/experience\/musts-for-foodies-visiting-montreal\">Must-try foods in Montr\u00e9al<\/a><\/li>\n<\/ul>\n<\/li>\n\n\n\n<li><strong>Things to Do<\/strong><br>Activities across the city, from museums and neighbourhood walks to seasonal events.\n<ul class=\"wp-block-list\">\n<li>Don\u2019t miss the <strong>Passport MTL<\/strong>, which provides bundled discounts on major attractions.<\/li>\n<\/ul>\n<\/li>\n\n\n\n<li><strong>Featured Deals<\/strong><br>Regularly updated with discounts on restaurants and activities. Check back closer to November for the latest offers.<\/li>\n\n\n\n<li><strong>Our Picks<\/strong><br>Curated recommendations with seasonal highlights, cultural experiences, and must-see attractions.\n<ul class=\"wp-block-list\">\n<li><a href=\"https:\/\/www.mtl.org\/en\/experience\/musts-first-time-visitors\">Must-sees for first-time visitors<\/a><\/li>\n<\/ul>\n<\/li>\n<\/ul>\n\n\n\n<p><\/p>\n","protected":false},"excerpt":{"rendered":"<p>Whether it\u2019s your first time in Montr\u00e9al or you\u2019ve been here before, the city offers a rich mix of culture, food, and experiences to explore before or after the conference. Plan Your Visit Tourism Montr\u00e9al has dedicated page Bienvenue \u00e0 Montr\u00e9al This is the best starting point for planning your visit. Explore More Tourism Montr\u00e9al\u2019s main site is also an&#8230;<\/p>\n","protected":false},"author":1,"featured_media":0,"parent":0,"menu_order":0,"comment_status":"closed","ping_status":"closed","template":"","meta":{"_eb_attr":"","footnotes":""},"class_list":["post-376","page","type-page","status-publish","hentry"],"_links":{"self":[{"href":"https:\/\/vrst.acm.org\/vrst2025\/index.php\/wp-json\/wp\/v2\/pages\/376","targetHints":{"allow":["GET"]}}],"collection":[{"href":"https:\/\/vrst.acm.org\/vrst2025\/index.php\/wp-json\/wp\/v2\/pages"}],"about":[{"href":"https:\/\/vrst.acm.org\/vrst2025\/index.php\/wp-json\/wp\/v2\/types\/page"}],"author":[{"embeddable":true,"href":"https:\/\/vrst.acm.org\/vrst2025\/index.php\/wp-json\/wp\/v2\/users\/1"}],"replies":[{"embeddable":true,"href":"https:\/\/vrst.acm.org\/vrst2025\/index.php\/wp-json\/wp\/v2\/comments?post=376"}],"version-history":[{"count":3,"href":"https:\/\/vrst.acm.org\/vrst2025\/index.php\/wp-json\/wp\/v2\/pages\/376\/revisions"}],"predecessor-version":[{"id":636,"href":"https:\/\/vrst.acm.org\/vrst2025\/index.php\/wp-json\/wp\/v2\/pages\/376\/revisions\/636"}],"wp:attachment":[{"href":"https:\/\/vrst.acm.org\/vrst2025\/index.php\/wp-json\/wp\/v2\/media?parent=376"}],"curies":[{"name":"wp","href":"https:\/\/api.w.org\/{rel}","templated":true}]}}